{"id":500,"date":"2024-01-09T20:43:38","date_gmt":"2024-01-09T18:43:38","guid":{"rendered":"https:\/\/takpluss.eu\/pakkumised\/"},"modified":"2024-03-07T15:19:28","modified_gmt":"2024-03-07T13:19:28","slug":"predlozheniya","status":"publish","type":"page","link":"https:\/\/takpluss.eu\/ru\/predlozheniya\/","title":{"rendered":"\u041f\u0440\u0435\u0434\u043b\u043e\u0436\u0435\u043d\u0438\u044f"},"content":{"rendered":"\n<div class=\"wp-block-group alignfull has-global-padding is-layout-constrained wp-container-core-group-is-layout-bd7b0ce1 wp-block-group-is-layout-constrained\" style=\"padding-top:0;padding-right:var(--wp--preset--spacing--50);padding-bottom:0;padding-left:var(--wp--preset--spacing--50)\">\n<p>MT\u00dc T\u00e4iend\u00f5ppe Avatud Keskus (TAK) \/ \u0426\u0435\u043d\u0442\u0440 \u0434\u043e\u043f\u043e\u043b\u043d\u0438\u0442\u0435\u043b\u044c\u043d\u043e\u0433\u043e \u043e\u0431\u0440\u0430\u0437\u043e\u0432\u0430\u043d\u0438\u044f \/ \u043f\u0440\u0435\u0434\u043b\u0430\u0433\u0430\u0435\u0442 \u0440\u0430\u0437\u043d\u043e\u043e\u0431\u0440\u0430\u0437\u043d\u0443\u044e \u043e\u0431\u0443\u0447\u0430\u044e\u0449\u0443\u044e \u0434\u0435\u044f\u0442\u0435\u043b\u044c\u043d\u043e\u0441\u0442\u044c \u0434\u043b\u044f \u0443\u0447\u0430\u0449\u0438\u0445\u0441\u044f, \u0443\u0447\u0438\u0442\u0435\u043b\u0435\u0439, \u0440\u043e\u0434\u0438\u0442\u0435\u043b\u0435\u0439 \u0432 \u043e\u0431\u043b\u0430\u0441\u0442\u0438 \u043f\u0435\u0434\u0430\u0433\u043e\u0433\u0438\u043a\u0438, \u043f\u0441\u0438\u0445\u043e\u043b\u043e\u0433\u0438\u0438, \u043c\u0443\u043b\u044c\u0442\u0438\u043a\u0443\u043b\u044c\u0442\u0443\u0440\u043d\u043e\u0441\u0442\u0438, \u044f\u0437\u044b\u043a\u043e\u0432\u043e\u0433\u043e \u043f\u043e\u0433\u0440\u0443\u0436\u0435\u043d\u0438\u044f.<\/p>\n\n\n\n<p>\u041e\u0431\u0440\u0430\u0437\u043e\u0432\u0430\u0442\u0435\u043b\u044c\u043d\u044b\u0435 \u0443\u0441\u043b\u0443\u0433\u0438 \u0432 \u0426\u0435\u043d\u0442\u0440\u0435 \u0432 \u043e\u0441\u043d\u043e\u0432\u043d\u043e\u043c \u043f\u043b\u0430\u0442\u043d\u044b\u0435. \u0423\u0447\u0430\u0441\u0442\u0438\u0435 \u0432 \u043e\u0431\u0443\u0447\u0435\u043d\u0438\u0438 \u043e\u043f\u043b\u0430\u0447\u0438\u0432\u0430\u0435\u0442\u0441\u044f \u043d\u0430 \u043e\u0441\u043d\u043e\u0432\u0430\u043d\u0438\u0438 \u0441\u0447\u0435\u0442\u0430 \u043d\u0430 \u0440\u0430\u0441\u0447\u0435\u0442\u043d\u044b\u0439 \u0441\u0447\u0435\u0442 \u0426\u0435\u043d\u0442\u0440\u0430. \u0414\u043b\u044f \u0443\u0447\u0430\u0441\u0442\u0438\u044f \u0432 \u043e\u0431\u0443\u0447\u0430\u044e\u0449\u0438\u0445 \u043c\u0435\u0440\u043e\u043f\u0440\u0438\u044f\u0442\u0438\u044f\u0445 \u043d\u0435\u043e\u0431\u0445\u043e\u0434\u0438\u043c\u043e \u0437\u0430\u0440\u0435\u0433\u0438\u0441\u0442\u0440\u0438\u0440\u043e\u0432\u0430\u0442\u044c\u0441\u044f.<\/p>\n\n\n\n<div style=\"height:var(--wp--preset--spacing--30)\" aria-hidden=\"true\" class=\"wp-block-spacer\"><\/div>\n\n\n\n<figure class=\"wp-block-image alignwide size-full is-style-rounded is-style-rounded--1\"><img loading=\"lazy\" decoding=\"async\" width=\"1024\" height=\"684\" src=\"https:\/\/takpluss.eu\/wp-content\/uploads\/2024\/01\/tak-15.jpg\" alt=\"\" class=\"wp-image-216\"\/><\/figure>\n<\/div>\n\n\n\n<div class=\"wp-block-group alignfull has-base-2-background-color has-background is-layout-flow wp-block-group-is-layout-flow\" style=\"margin-top:0;margin-bottom:0;padding-top:var(--wp--preset--spacing--50);padding-right:0;padding-bottom:var(--wp--preset--spacing--50);padding-left:0\">\n<h2 class=\"wp-block-heading has-text-align-center\">\u041c\u044b \u043f\u0440\u0435\u0434\u043b\u0430\u0433\u0430\u0435\u043c<\/h2>\n\n\n\n<div style=\"margin-top:0;margin-bottom:0;height:var(--wp--preset--spacing--40)\" aria-hidden=\"true\" class=\"wp-block-spacer\"><\/div>\n\n\n\n<div class=\"wp-block-columns alignwide is-layout-flex wp-container-core-columns-is-layout-87beb0d0 wp-block-columns-is-layout-flex\">\n<div class=\"wp-block-column has-custom-accent-eight-background-color has-background is-layout-flow wp-container-core-column-is-layout-3790c872 wp-block-column-is-layout-flow\" style=\"padding-top:var(--wp--preset--spacing--30);padding-right:var(--wp--preset--spacing--30);padding-bottom:var(--wp--preset--spacing--30);padding-left:var(--wp--preset--spacing--30)\">\n<h3 class=\"wp-block-heading\">\u0414\u043b\u044f \u0443\u0447\u0430\u0449\u0438\u0445\u0441\u044f<\/h3>\n\n\n\n<ul class=\"is-style-checkmark-list wp-block-list\">\n<li>\u041a\u043e\u043d\u0441\u0443\u043b\u044c\u0442\u0430\u0446\u0438\u0438 \u043f\u043e \u0432\u044b\u044f\u0432\u043b\u0435\u043d\u0438\u044e \u0438\u043d\u0434\u0438\u0432\u0438\u0434\u0443\u0430\u043b\u044c\u043d\u044b\u0445 \u0442\u0440\u0443\u0434\u043d\u043e\u0441\u0442\u0435\u0439 \u0432 \u043e\u0431\u0443\u0447\u0435\u043d\u0438\u0438 \u043f\u0440\u0438 \u043e\u0441\u0432\u043e\u0435\u043d\u0438\u0438 \u0448\u043a\u043e\u043b\u044c\u043d\u043e\u0439 \u0443\u0447\u0435\u0431\u043d\u043e\u0439 \u043f\u0440\u043e\u0433\u0440\u0430\u043c\u043c\u044b<\/li>\n\n\n\n<li>\u0423\u0447\u0435\u0431\u043d\u044b\u0435 \u0437\u0430\u043d\u044f\u0442\u0438\u044f\n<ul class=\"wp-block-list\">\n<li>\u0438\u043d\u0434\u0438\u0432\u0438\u0434\u0443\u0430\u043b\u044c\u043d\u043e\u0435 \u0437\u0430\u043d\u044f\u0442\u0438\u0435<\/li>\n\n\n\n<li>\u0437\u0430\u043d\u044f\u0442\u0438\u0435 \u0432 \u043d\u0435\u0431\u043e\u043b\u044c\u0448\u043e\u0439 \u0433\u0440\u0443\u043f\u043f\u0435<\/li>\n<\/ul>\n<\/li>\n\n\n\n<li>\u041c\u0435\u0440\u043e\u043f\u0440\u0438\u044f\u0442\u0438\u044f.<\/li>\n<\/ul>\n<\/div>\n\n\n\n<div class=\"wp-block-column has-custom-accent-eleven-background-color has-background is-layout-flow wp-container-core-column-is-layout-33fa59a0 wp-block-column-is-layout-flow\" style=\"padding-top:var(--wp--preset--spacing--30);padding-right:var(--wp--preset--spacing--30);padding-bottom:var(--wp--preset--spacing--30);padding-left:var(--wp--preset--spacing--30)\">\n<h3 class=\"wp-block-heading\">\u0414\u043b\u044f \u0443\u0447\u0438\u0442\u0435\u043b\u0435\u0439<\/h3>\n\n\n\n<ul class=\"is-style-checkmark-list wp-block-list\">\n<li>\u041a\u0443\u0440\u044b \u043f\u043e\u0432\u044b\u0448\u0435\u043d\u0438\u044f \u043a\u0432\u0430\u043b\u0438\u0444\u0438\u043a\u0430\u0446\u0438\u0438 \u043f\u043e \u043c\u0435\u0442\u043e\u0434\u0438\u043a\u0435 \u043f\u0440\u0435\u043f\u043e\u0434\u0430\u0432\u0430\u043d\u0438\u044f \u043f\u0440\u0435\u0434\u043c\u0435\u0442\u0430<\/li>\n\n\n\n<li>\u0421\u0435\u043c\u0438\u043d\u0430\u0440\u044b<\/li>\n\n\n\n<li>\u0422\u0440\u0435\u043d\u0438\u043d\u0433\u0438<\/li>\n\n\n\n<li>\u041e\u0431\u043c\u0435\u043d \u043e\u043f\u044b\u0442\u043e\u043c.<\/li>\n<\/ul>\n\n\n\n<p>\u0422\u0435\u043c, \u043a\u0442\u043e \u0443\u0441\u043f\u0435\u0448\u043d\u043e \u0437\u0430\u0432\u0435\u0440\u0448\u0438\u043b \u0434\u043e\u043f\u043e\u043b\u043d\u0438\u0442\u0435\u043b\u044c\u043d\u043e\u0435 \u043e\u0431\u0440\u0430\u0437\u043e\u0432\u0430\u043d\u0438\u0435, \u0432\u044b\u0434\u0430\u0435\u0442\u0441\u044f \u0441\u0435\u0440\u0442\u0438\u0444\u0438\u043a\u0430\u0442. <\/p>\n\n\n\n<p>\u041f\u0440\u0438 \u043d\u0435\u043e\u0431\u0445\u043e\u0434\u0438\u043c\u043e\u0441\u0442\u0438 \u0440\u0430\u0431\u043e\u0442\u043e\u0434\u0430\u0442\u0435\u043b\u044e \u0443\u0447\u0430\u0441\u0442\u043d\u0438\u043a\u0430 \u0434\u043e\u043f\u043e\u043b\u043d\u0438\u0442\u0435\u043b\u044c\u043d\u043e\u0433\u043e \u043e\u0431\u0440\u0430\u0437\u043e\u0432\u0430\u043d\u0438\u044f \u0432\u044b\u0434\u0430\u0451\u0442\u0441\u044f \u0441\u043f\u0440\u0430\u0432\u043a\u0430 \u043e\u0431 \u0443\u0447\u0430\u0441\u0442\u0438\u0438 \u0432 \u043e\u0431\u0443\u0447\u0435\u043d\u0438\u0438.<\/p>\n<\/div>\n\n\n\n<div class=\"wp-block-column has-custom-accent-twelve-background-color has-background is-layout-flow wp-container-core-column-is-layout-33fa59a0 wp-block-column-is-layout-flow\" style=\"border-style:none;border-width:0px;padding-top:var(--wp--preset--spacing--30);padding-right:var(--wp--preset--spacing--30);padding-bottom:var(--wp--preset--spacing--30);padding-left:var(--wp--preset--spacing--30)\">\n<h3 class=\"wp-block-heading\">\u0414\u043b\u044f \u0440\u043e\u0434\u0438\u0442\u0435\u043b\u0435\u0439<\/h3>\n\n\n\n<ul class=\"is-style-checkmark-list wp-block-list\">\n<li>\u041b\u0435\u043a\u0446\u0438\u0438<\/li>\n\n\n\n<li>\u0421\u0435\u043c\u0438\u043d\u0430\u0440\u044b<\/li>\n\n\n\n<li>\u041f\u0441\u0438\u0445\u043e\u043b\u043e\u0433\u0438\u0447\u0435\u0441\u043a\u0438\u0435 \u043a\u043e\u043d\u0441\u0443\u043b\u044c\u0442\u0430\u0446\u0438\u0438<\/li>\n\n\n\n<li>\u041a\u043b\u0443\u0431 \u043e\u0431\u0449\u0435\u043d\u0438\u044f \u043d\u0430 \u044d\u0441\u0442\u043e\u043d\u0441\u043a\u043e\u043c \u044f\u0437\u044b\u043a\u0435<\/li>\n\n\n\n<li>\u0412\u0441\u0442\u0440\u0435\u0447\u0438 \u0441 \u0438\u043d\u0442\u0435\u0440\u0435\u0441\u043d\u044b\u043c\u0438 \u043b\u044e\u0434\u044c\u043c\u0438.<\/li>\n<\/ul>\n<\/div>\n<\/div>\n<\/div>\n","protected":false},"excerpt":{"rendered":"<p>MT\u00dc T\u00e4iend\u00f5ppe Avatud Keskus (TAK) \/ \u0426\u0435\u043d\u0442\u0440 \u0434\u043e\u043f\u043e\u043b\u043d\u0438\u0442\u0435\u043b\u044c\u043d\u043e\u0433\u043e \u043e\u0431\u0440\u0430\u0437\u043e\u0432\u0430\u043d\u0438\u044f \/ \u043f\u0440\u0435\u0434\u043b\u0430\u0433\u0430\u0435\u0442 \u0440\u0430\u0437\u043d\u043e\u043e\u0431\u0440\u0430\u0437\u043d\u0443\u044e \u043e\u0431\u0443\u0447\u0430\u044e\u0449\u0443\u044e \u0434\u0435\u044f\u0442\u0435\u043b\u044c\u043d\u043e\u0441\u0442\u044c \u0434\u043b\u044f \u0443\u0447\u0430\u0449\u0438\u0445\u0441\u044f, \u0443\u0447\u0438\u0442\u0435\u043b\u0435\u0439, \u0440\u043e\u0434\u0438\u0442\u0435\u043b\u0435\u0439 \u0432 \u043e\u0431\u043b\u0430\u0441\u0442\u0438 \u043f\u0435\u0434\u0430\u0433\u043e\u0433\u0438\u043a\u0438, \u043f\u0441\u0438\u0445\u043e\u043b\u043e\u0433\u0438\u0438, \u043c\u0443\u043b\u044c\u0442\u0438\u043a\u0443\u043b\u044c\u0442\u0443\u0440\u043d\u043e\u0441\u0442\u0438, \u044f\u0437\u044b\u043a\u043e\u0432\u043e\u0433\u043e \u043f\u043e\u0433\u0440\u0443\u0436\u0435\u043d\u0438\u044f. \u041e\u0431\u0440\u0430\u0437\u043e\u0432\u0430\u0442\u0435\u043b\u044c\u043d\u044b\u0435 \u0443\u0441\u043b\u0443\u0433\u0438 \u0432 \u0426\u0435\u043d\u0442\u0440\u0435 \u0432 \u043e\u0441\u043d\u043e\u0432\u043d\u043e\u043c \u043f\u043b\u0430\u0442\u043d\u044b\u0435. \u0423\u0447\u0430\u0441\u0442\u0438\u0435 \u0432 \u043e\u0431\u0443\u0447\u0435\u043d\u0438\u0438 \u043e\u043f\u043b\u0430\u0447\u0438\u0432\u0430\u0435\u0442\u0441\u044f \u043d\u0430 \u043e\u0441\u043d\u043e\u0432\u0430\u043d\u0438\u0438 \u0441\u0447\u0435\u0442\u0430 \u043d\u0430 \u0440\u0430\u0441\u0447\u0435\u0442\u043d\u044b\u0439 \u0441\u0447\u0435\u0442 \u0426\u0435\u043d\u0442\u0440\u0430. \u0414\u043b\u044f \u0443\u0447\u0430\u0441\u0442\u0438\u044f \u0432 \u043e\u0431\u0443\u0447\u0430\u044e\u0449\u0438\u0445 \u043c\u0435\u0440\u043e\u043f\u0440\u0438\u044f\u0442\u0438\u044f\u0445 \u043d\u0435\u043e\u0431\u0445\u043e\u0434\u0438\u043c\u043e \u0437\u0430\u0440\u0435\u0433\u0438\u0441\u0442\u0440\u0438\u0440\u043e\u0432\u0430\u0442\u044c\u0441\u044f. \u041c\u044b \u043f\u0440\u0435\u0434\u043b\u0430\u0433\u0430\u0435\u043c \u0414\u043b\u044f \u0443\u0447\u0430\u0449\u0438\u0445\u0441\u044f \u0414\u043b\u044f [&hellip;]<\/p>\n","protected":false},"author":1,"featured_media":0,"parent":0,"menu_order":2,"comment_status":"closed","ping_status":"closed","template":"","meta":{"footnotes":""},"class_list":["post-500","page","type-page","status-publish","hentry"],"_links":{"self":[{"href":"https:\/\/takpluss.eu\/ru\/wp-json\/wp\/v2\/pages\/500","targetHints":{"allow":["GET"]}}],"collection":[{"href":"https:\/\/takpluss.eu\/ru\/wp-json\/wp\/v2\/pages"}],"about":[{"href":"https:\/\/takpluss.eu\/ru\/wp-json\/wp\/v2\/types\/page"}],"author":[{"embeddable":true,"href":"https:\/\/takpluss.eu\/ru\/wp-json\/wp\/v2\/users\/1"}],"replies":[{"embeddable":true,"href":"https:\/\/takpluss.eu\/ru\/wp-json\/wp\/v2\/comments?post=500"}],"version-history":[{"count":4,"href":"https:\/\/takpluss.eu\/ru\/wp-json\/wp\/v2\/pages\/500\/revisions"}],"predecessor-version":[{"id":563,"href":"https:\/\/takpluss.eu\/ru\/wp-json\/wp\/v2\/pages\/500\/revisions\/563"}],"wp:attachment":[{"href":"https:\/\/takpluss.eu\/ru\/wp-json\/wp\/v2\/media?parent=500"}],"curies":[{"name":"wp","href":"https:\/\/api.w.org\/{rel}","templated":true}]}}