{"id":499,"date":"2024-01-09T21:09:44","date_gmt":"2024-01-09T19:09:44","guid":{"rendered":"https:\/\/takpluss.eu\/kontaktid\/"},"modified":"2025-03-09T23:16:53","modified_gmt":"2025-03-09T21:16:53","slug":"kontakt","status":"publish","type":"page","link":"https:\/\/takpluss.eu\/ru\/kontakt\/","title":{"rendered":"\u041a\u043e\u043d\u0442\u0430\u043a\u0442"},"content":{"rendered":"\n<div class=\"wp-block-group alignfull has-global-padding is-layout-constrained wp-container-core-group-is-layout-d89aad35 wp-block-group-is-layout-constrained\" style=\"margin-top:0;margin-bottom:0;padding-top:var(--wp--preset--spacing--50);padding-right:var(--wp--preset--spacing--50);padding-bottom:var(--wp--preset--spacing--50);padding-left:var(--wp--preset--spacing--50)\">\n<div class=\"wp-block-columns alignwide are-vertically-aligned-top is-layout-flex wp-container-core-columns-is-layout-47c06fe3 wp-block-columns-is-layout-flex\">\n<div class=\"wp-block-column is-vertically-aligned-top is-layout-flow wp-block-column-is-layout-flow\" style=\"flex-basis:50%\">\n<p><strong>MT\u00dc T\u00e4iend\u00f5ppe Avatud Keskus<\/strong><\/p>\n\n\n\n<p>Reg. nr. 80634196<\/p>\n\n\n\n<div style=\"height:20px\" aria-hidden=\"true\" class=\"wp-block-spacer\"><\/div>\n\n\n\n<p>\u0422\u0430\u0442\u044c\u044f\u043d\u0430 \u041d\u0438\u043a\u043e\u043b\u0430\u0435\u0432\u043d\u0430 \u0411\u0430\u0431\u0430\u043d\u0441\u043a\u0430\u044f<\/p>\n\n\n\n<p>\u0414\u0438\u0440\u0435\u043a\u0442\u043e\u0440<\/p>\n\n\n\n<p>info@takpluss.eu<\/p>\n\n\n\n<p>direktor@takpluss.eu<\/p>\n\n\n\n<div style=\"height:20px\" aria-hidden=\"true\" class=\"wp-block-spacer\"><\/div>\n\n\n\n<div style=\"height:20px\" aria-hidden=\"true\" class=\"wp-block-spacer\"><\/div>\n\n\n\n<p>\u0415\u0441\u043b\u0438 \u0435\u0441\u0442\u044c \u0432\u043e\u043f\u0440\u043e\u0441\u044b, \u0441\u043c\u0435\u043b\u043e \u0441\u0432\u044f\u0436\u0438\u0442\u0435\u0441\u044c \u0441 \u043d\u0430\u043c\u0438!<\/p>\n<\/div>\n\n\n\n<div class=\"wp-block-column is-vertically-aligned-top is-layout-flow wp-block-column-is-layout-flow\" style=\"flex-basis:50%\">\n<figure class=\"wp-block-image size-full is-style-rounded is-style-rounded--1\"><img loading=\"lazy\" decoding=\"async\" width=\"1024\" height=\"683\" src=\"https:\/\/takpluss.eu\/wp-content\/uploads\/2024\/01\/tak-14.jpg\" alt=\"\" class=\"wp-image-200\"\/><\/figure>\n<\/div>\n<\/div>\n<\/div>\n\n\n\n<div class=\"wp-block-group alignfull has-global-padding is-layout-constrained wp-container-core-group-is-layout-d89aad35 wp-block-group-is-layout-constrained\" id=\"donations\" style=\"margin-top:0;margin-bottom:0;padding-top:var(--wp--preset--spacing--50);padding-right:var(--wp--preset--spacing--50);padding-bottom:var(--wp--preset--spacing--50);padding-left:var(--wp--preset--spacing--50)\">\n<div class=\"wp-block-columns alignwide are-vertically-aligned-top is-layout-flex wp-container-core-columns-is-layout-47c06fe3 wp-block-columns-is-layout-flex\">\n<div class=\"wp-block-column is-vertically-aligned-top is-layout-flow wp-block-column-is-layout-flow\" style=\"flex-basis:50%\">\n<figure class=\"wp-block-image size-full is-style-rounded is-style-rounded--2\"><img loading=\"lazy\" decoding=\"async\" width=\"1024\" height=\"683\" src=\"https:\/\/takpluss.eu\/wp-content\/uploads\/2024\/01\/tak-01.jpg\" alt=\"\" class=\"wp-image-147\" style=\"aspect-ratio:4\/3;object-fit:cover\"\/><\/figure>\n<\/div>\n\n\n\n<div class=\"wp-block-column is-vertically-aligned-top is-layout-flow wp-block-column-is-layout-flow\" style=\"flex-basis:50%\">\n<h2 class=\"wp-block-heading\">\u041f\u043e\u0434\u0434\u0435\u0440\u0436\u0438\u0442\u0435 \u043d\u0430\u0448\u0443 \u0434\u0435\u044f\u0442\u0435\u043b\u044c\u043d\u043e\u0441\u0442\u044c<\/h2>\n\n\n\n<div style=\"height:20px\" aria-hidden=\"true\" class=\"wp-block-spacer\"><\/div>\n\n\n\n<p><strong>MT\u00dc T\u00e4iend\u00f5ppe Avatud Keskus<\/strong><\/p>\n\n\n\n<p>AS SEB PANK<\/p>\n\n\n\n<p>SWIFT: EEUHEE2X<\/p>\n\n\n\n<p>IBAN: EE78 1010 2203 0059 5221<\/p>\n\n\n\n<div style=\"height:20px\" aria-hidden=\"true\" class=\"wp-block-spacer\"><\/div>\n\n\n\n<div class=\"wp-block-group is-nowrap is-layout-flex wp-container-core-group-is-layout-17c695da wp-block-group-is-layout-flex\">\n<figure class=\"wp-block-image alignleft size-full is-resized\"><img loading=\"lazy\" decoding=\"async\" width=\"250\" height=\"250\" src=\"https:\/\/takpluss.eu\/wp-content\/uploads\/2024\/01\/donationbox-qr.png\" alt=\"QR kood kiirmakse jaoks\" class=\"wp-image-173\" style=\"width:100px\"\/><\/figure>\n\n\n\n<p>QR \u043a\u043e\u0434 \u0434\u043b\u044f \u0431\u044b\u0441\u0442\u0440\u044b\u0445 \u043f\u043b\u0430\u0442\u0435\u0436\u0435\u0439<\/p>\n<\/div>\n<\/div>\n<\/div>\n<\/div>\n","protected":false},"excerpt":{"rendered":"<p>MT\u00dc T\u00e4iend\u00f5ppe Avatud Keskus Reg. nr. 80634196 \u0422\u0430\u0442\u044c\u044f\u043d\u0430 \u041d\u0438\u043a\u043e\u043b\u0430\u0435\u0432\u043d\u0430 \u0411\u0430\u0431\u0430\u043d\u0441\u043a\u0430\u044f \u0414\u0438\u0440\u0435\u043a\u0442\u043e\u0440 info@takpluss.eu direktor@takpluss.eu \u0415\u0441\u043b\u0438 \u0435\u0441\u0442\u044c \u0432\u043e\u043f\u0440\u043e\u0441\u044b, \u0441\u043c\u0435\u043b\u043e \u0441\u0432\u044f\u0436\u0438\u0442\u0435\u0441\u044c \u0441 \u043d\u0430\u043c\u0438! \u041f\u043e\u0434\u0434\u0435\u0440\u0436\u0438\u0442\u0435 \u043d\u0430\u0448\u0443 \u0434\u0435\u044f\u0442\u0435\u043b\u044c\u043d\u043e\u0441\u0442\u044c MT\u00dc T\u00e4iend\u00f5ppe Avatud Keskus AS SEB PANK SWIFT: EEUHEE2X IBAN: EE78 1010 2203 0059 5221 QR \u043a\u043e\u0434 \u0434\u043b\u044f \u0431\u044b\u0441\u0442\u0440\u044b\u0445 \u043f\u043b\u0430\u0442\u0435\u0436\u0435\u0439<\/p>\n","protected":false},"author":1,"featured_media":0,"parent":0,"menu_order":6,"comment_status":"closed","ping_status":"closed","template":"","meta":{"footnotes":""},"class_list":["post-499","page","type-page","status-publish","hentry"],"_links":{"self":[{"href":"https:\/\/takpluss.eu\/ru\/wp-json\/wp\/v2\/pages\/499","targetHints":{"allow":["GET"]}}],"collection":[{"href":"https:\/\/takpluss.eu\/ru\/wp-json\/wp\/v2\/pages"}],"about":[{"href":"https:\/\/takpluss.eu\/ru\/wp-json\/wp\/v2\/types\/page"}],"author":[{"embeddable":true,"href":"https:\/\/takpluss.eu\/ru\/wp-json\/wp\/v2\/users\/1"}],"replies":[{"embeddable":true,"href":"https:\/\/takpluss.eu\/ru\/wp-json\/wp\/v2\/comments?post=499"}],"version-history":[{"count":8,"href":"https:\/\/takpluss.eu\/ru\/wp-json\/wp\/v2\/pages\/499\/revisions"}],"predecessor-version":[{"id":1515,"href":"https:\/\/takpluss.eu\/ru\/wp-json\/wp\/v2\/pages\/499\/revisions\/1515"}],"wp:attachment":[{"href":"https:\/\/takpluss.eu\/ru\/wp-json\/wp\/v2\/media?parent=499"}],"curies":[{"name":"wp","href":"https:\/\/api.w.org\/{rel}","templated":true}]}}