{"id":498,"date":"2024-02-22T23:36:41","date_gmt":"2024-02-22T21:36:41","guid":{"rendered":"https:\/\/takpluss.eu\/avaleht\/"},"modified":"2024-02-23T12:40:33","modified_gmt":"2024-02-23T10:40:33","slug":"glavnaya","status":"publish","type":"page","link":"https:\/\/takpluss.eu\/ru\/","title":{"rendered":"\u0413\u043b\u0430\u0432\u043d\u0430\u044f"},"content":{"rendered":"\n<div class=\"wp-block-group alignfull has-background has-global-padding is-layout-constrained wp-container-core-group-is-layout-669513ed wp-block-group-is-layout-constrained\" style=\"background-color:#f5efe1;margin-top:0;margin-bottom:0;padding-top:var(--wp--preset--spacing--50);padding-right:var(--wp--preset--spacing--50);padding-bottom:var(--wp--preset--spacing--50);padding-left:var(--wp--preset--spacing--50)\">\n<div class=\"wp-block-columns alignwide is-layout-flex wp-container-core-columns-is-layout-1da03c2a wp-block-columns-is-layout-flex\">\n<div class=\"wp-block-column is-vertically-aligned-center is-layout-flow wp-block-column-is-layout-flow\" style=\"flex-basis:50%\">\n<h1 class=\"wp-block-heading has-text-align-center\"><strong>\u041e\u0431\u0440\u0430\u0437\u043e\u0432\u0430\u043d\u0438\u0435 &#8212;<\/strong><\/h1>\n\n\n\n<h1 class=\"wp-block-heading has-text-align-center\">\u0437\u0430\u043b\u043e\u0433 \u0443\u0441\u043f\u0435\u0445\u0430<strong>!<\/strong><\/h1>\n\n\n\n<div style=\"height:20px\" aria-hidden=\"true\" class=\"wp-block-spacer\"><\/div>\n\n\n\n<div class=\"wp-block-group is-layout-flow wp-block-group-is-layout-flow\">\n<p class=\"has-text-align-center\">\u041d\u0435\u043a\u043e\u043c\u043c\u0435\u0440\u0447\u0435\u0441\u043a\u0430\u044f \u043e\u0440\u0433\u0430\u043d\u0438\u0437\u0430\u0446\u0438\u044f T\u00e4iend\u00f5ppe Avatud Keskus (\u0422\u0410\u041a) \u0441\u043e\u0437\u0434\u0430\u043d\u0430 \u043f\u043e \u0438\u043d\u0438\u0446\u0438\u0430\u0442\u0438\u0432\u0435 \u0438 \u043f\u0440\u0438 \u043f\u043e\u0434\u0434\u0435\u0440\u0436\u043a\u0435 \u0435\u0434\u0438\u043d\u043e\u043c\u044b\u0448\u043b\u0435\u043d\u043d\u0438\u043a\u043e\u0432 &#8212; \u043f\u0435\u0434\u0430\u0433\u043e\u0433\u043e\u0432 \u0438 \u043f\u0440\u043e\u0441\u0432\u0435\u0442\u0438\u0442\u0435\u043b\u0435\u0439, \u0443\u0431\u0435\u0436\u0434\u0435\u043d\u043d\u044b\u0445 \u0432 \u043d\u0435\u043e\u0431\u0445\u043e\u0434\u0438\u043c\u043e\u0441\u0442\u0438 \u0434\u0430\u0432\u0430\u0442\u044c \u0434\u0435\u0442\u044f\u043c \u0434\u043e\u0441\u0442\u043e\u0439\u043d\u043e\u0435 \u043e\u0431\u0440\u0430\u0437\u043e\u0432\u0430\u043d\u0438\u0435.<\/p>\n<\/div>\n<\/div>\n\n\n\n<div class=\"wp-block-column is-vertically-aligned-center is-layout-flow wp-block-column-is-layout-flow\" style=\"flex-basis:50%\">\n<figure class=\"wp-block-image size-full is-style-rounded is-style-rounded--1\"><img loading=\"lazy\" decoding=\"async\" width=\"1024\" height=\"1024\" src=\"https:\/\/takpluss.eu\/wp-content\/uploads\/2024\/02\/tak-17.jpg\" alt=\"\" class=\"wp-image-397\" style=\"aspect-ratio:3\/4;object-fit:cover\" srcset=\"https:\/\/takpluss.eu\/wp-content\/uploads\/2024\/02\/tak-17.jpg 1024w, https:\/\/takpluss.eu\/wp-content\/uploads\/2024\/02\/tak-17-300x300.jpg 300w, https:\/\/takpluss.eu\/wp-content\/uploads\/2024\/02\/tak-17-150x150.jpg 150w, https:\/\/takpluss.eu\/wp-content\/uploads\/2024\/02\/tak-17-768x768.jpg 768w\" sizes=\"auto, (max-width: 1024px) 100vw, 1024px\" \/><\/figure>\n<\/div>\n<\/div>\n<\/div>\n\n\n\n<div class=\"wp-block-group alignfull has-base-2-background-color has-background is-layout-flow wp-block-group-is-layout-flow\" style=\"margin-top:0;margin-bottom:0;padding-top:var(--wp--preset--spacing--50);padding-right:var(--wp--preset--spacing--50);padding-bottom:var(--wp--preset--spacing--50);padding-left:var(--wp--preset--spacing--50)\">\n<div class=\"wp-block-columns alignwide is-layout-flex wp-container-core-columns-is-layout-549b0c86 wp-block-columns-is-layout-flex\">\n<div class=\"wp-block-column is-layout-flow wp-container-core-column-is-layout-119bc444 wp-block-column-is-layout-flow\" style=\"flex-basis:100%\">\n<div class=\"wp-block-columns is-layout-flex wp-container-core-columns-is-layout-a85f4655 wp-block-columns-is-layout-flex\">\n<div class=\"wp-block-column is-layout-flow wp-block-column-is-layout-flow\">\n<p class=\"has-custom-accent-six-background-color has-background\" style=\"padding-top:var(--wp--preset--spacing--30);padding-right:var(--wp--preset--spacing--30);padding-bottom:var(--wp--preset--spacing--30);padding-left:var(--wp--preset--spacing--30)\">\u041a\u0430\u043a \u0432 \u0443\u0441\u043b\u043e\u0432\u0438\u044f\u0445 \u043f\u0435\u0440\u0435\u0445\u043e\u0434\u0430 \u043d\u0430 \u044d\u0441\u0442\u043e\u043d\u0441\u043a\u0438\u0439 \u044f\u0437\u044b\u043a \u043e\u0431\u0443\u0447\u0435\u043d\u0438\u044f \u043f\u0440\u0435\u0434\u043e\u0441\u0442\u0430\u0432\u0438\u0442\u044c \u0432\u0441\u0435\u043c \u0434\u0435\u0442\u044f\u043c, \u043d\u0435\u0437\u0430\u0432\u0438\u0441\u0438\u043c\u043e \u043e\u0442 \u0438\u0445 \u0440\u043e\u0434\u043d\u043e\u0433\u043e \u044f\u0437\u044b\u043a\u0430, \u0432\u043e\u0437\u043c\u043e\u0436\u043d\u043e\u0441\u0442\u044c \u043e\u0432\u043b\u0430\u0434\u0435\u0442\u044c \u043a\u0430\u0447\u0435\u0441\u0442\u0432\u0435\u043d\u043d\u044b\u043c \u044d\u0441\u0442\u043e\u043d\u0441\u043a\u0438\u043c \u044f\u0437\u044b\u043a\u043e\u043c?<\/p>\n\n\n\n<p class=\"has-custom-accent-thirteen-background-color has-background\" style=\"padding-top:var(--wp--preset--spacing--30);padding-right:var(--wp--preset--spacing--30);padding-bottom:var(--wp--preset--spacing--30);padding-left:var(--wp--preset--spacing--30)\">\u041a\u0430\u043a \u0438\u0437\u0431\u0435\u0436\u0430\u0442\u044c \u0444\u043e\u0440\u043c\u0438\u0440\u043e\u0432\u0430\u043d\u0438\u044f \u0443 \u0440\u0435\u0431\u0451\u043d\u043a\u0430 \u0432 \u0448\u043a\u043e\u043b\u0435 \u201c\u0441\u0438\u043d\u0434\u0440\u043e\u043c\u0430 \u043d\u0435\u0443\u0434\u0430\u0447\u043d\u0438\u043a\u0430\u201d?<\/p>\n<\/div>\n\n\n\n<div class=\"wp-block-column is-layout-flow wp-block-column-is-layout-flow\">\n<p class=\"has-custom-accent-eleven-background-color has-background\" style=\"padding-top:var(--wp--preset--spacing--30);padding-right:var(--wp--preset--spacing--30);padding-bottom:var(--wp--preset--spacing--30);padding-left:var(--wp--preset--spacing--30)\">\u041a\u0430\u043a \u043f\u043e\u0434\u0434\u0435\u0440\u0436\u0438\u0432\u0430\u0442\u044c \u0440\u0430\u0437\u0432\u0438\u0442\u0438\u0435 \u0442\u0432\u043e\u0440\u0447\u0435\u0441\u043a\u0438\u0445 \u0441\u043f\u043e\u0441\u043e\u0431\u043d\u043e\u0441\u0442\u0435\u0439 \u0443\u0447\u0430\u0449\u0438\u0445\u0441\u044f, \u043a\u0440\u0438\u0442\u0438\u0447\u0435\u0441\u043a\u043e\u0433\u043e \u043c\u044b\u0448\u043b\u0435\u043d\u0438\u044f, \u043d\u0430\u0432\u044b\u043a\u043e\u0432 \u0440\u0430\u0441\u0441\u0443\u0436\u0434\u0435\u043d\u0438\u044f \u0438 \u0432\u044b\u0440\u0430\u0436\u0435\u043d\u0438\u044f \u0441\u043e\u0431\u0441\u0442\u0432\u0435\u043d\u043d\u044b\u0445 \u043c\u044b\u0441\u043b\u0435\u0439?<\/p>\n\n\n\n<p class=\"has-custom-accent-ten-background-color has-background\" style=\"padding-top:var(--wp--preset--spacing--30);padding-right:var(--wp--preset--spacing--30);padding-bottom:var(--wp--preset--spacing--30);padding-left:var(--wp--preset--spacing--30)\">\u041a\u0430\u043a \u0441\u043f\u043e\u0441\u043e\u0431\u0441\u0442\u0432\u043e\u0432\u0430\u0442\u044c \u0440\u0430\u0437\u0432\u0438\u0442\u0438\u044e \u0440\u043e\u0434\u043d\u043e\u0433\u043e \u044f\u0437\u044b\u043a\u0430 \u0438 \u043a\u0443\u043b\u044c\u0442\u0443\u0440\u044b?<\/p>\n<\/div>\n<\/div>\n\n\n\n<p class=\"has-text-align-center has-custom-accent-eight-background-color has-background\" style=\"padding-top:var(--wp--preset--spacing--30);padding-right:var(--wp--preset--spacing--30);padding-bottom:var(--wp--preset--spacing--30);padding-left:var(--wp--preset--spacing--30)\"><strong>\u041a\u0430\u043a \u0441\u0434\u0435\u043b\u0430\u0442\u044c \u043e\u0442\u043d\u043e\u0448\u0435\u043d\u0438\u0435 \u043a \u0448\u043a\u043e\u043b\u0435 \u0438 \u0441\u0430\u043c\u043e\u0439 \u0436\u0438\u0437\u043d\u0438 \u0431\u043e\u043b\u0435\u0435 \u0440\u0430\u0434\u043e\u0441\u0442\u043d\u044b\u043c?<\/strong><\/p>\n\n\n\n<p class=\"has-text-align-center has-montserrat-alternates-font-family has-large-font-size\" style=\"line-height:1.5\"><strong>\u041e\u0442\u0432\u0435\u0442\u044b \u043d\u0430 \u044d\u0442\u0438 \u0432\u043e\u043f\u0440\u043e\u0441\u044b \u043d\u0443\u0436\u043d\u043e \u043d\u0430\u0445\u043e\u0434\u0438\u0442\u044c \u0432\u0441\u0435\u043c \u0432\u043c\u0435\u0441\u0442\u0435.<\/strong><\/p>\n\n\n\n<p class=\"has-text-align-center has-large-font-size\"><strong>\u0426\u0435\u043d\u0442\u0440 \u043f\u0440\u0435\u0434\u043b\u0430\u0433\u0430\u0435\u0442 \u043f\u043e\u043c\u043e\u0449\u044c \u0438 \u043f\u043e\u0434\u0434\u0435\u0440\u0436\u043a\u0443 \u0434\u0435\u0442\u044f\u043c, \u043f\u0435\u0434\u0430\u0433\u043e\u0433\u0430\u043c, \u0440\u043e\u0434\u0438\u0442\u0435\u043b\u044f\u043c. \u041f\u043e\u043c\u043e\u0433\u0430\u044f \u0434\u0440\u0443\u0433 \u0434\u0440\u0443\u0433\u0443, \u043c\u044b \u0441\u043c\u043e\u0436\u0435\u043c \u043f\u0440\u0435\u043e\u0434\u043e\u043b\u0435\u0442\u044c \u0442\u0440\u0443\u0434\u043d\u043e\u0441\u0442\u0438.<\/strong><\/p>\n<\/div>\n<\/div>\n<\/div>\n\n\n\n<div class=\"wp-block-group alignfull has-custom-accent-ten-background-color has-background has-global-padding is-layout-constrained wp-container-core-group-is-layout-d89aad35 wp-block-group-is-layout-constrained\" style=\"margin-top:0;margin-bottom:0;padding-top:var(--wp--preset--spacing--50);padding-right:var(--wp--preset--spacing--50);padding-bottom:var(--wp--preset--spacing--50);padding-left:var(--wp--preset--spacing--50)\">\n<div class=\"wp-block-columns alignwide is-layout-flex wp-container-core-columns-is-layout-1da03c2a wp-block-columns-is-layout-flex\">\n<div class=\"wp-block-column is-vertically-aligned-top is-layout-flow wp-block-column-is-layout-flow\" style=\"flex-basis:60%\">\n<figure class=\"wp-block-image size-full is-style-rounded is-style-rounded--2\"><img loading=\"lazy\" decoding=\"async\" width=\"1024\" height=\"683\" src=\"https:\/\/takpluss.eu\/wp-content\/uploads\/2024\/01\/tak-01.jpg\" alt=\"\" class=\"wp-image-147\" style=\"aspect-ratio:1;object-fit:cover\"\/><\/figure>\n<\/div>\n\n\n\n<div class=\"wp-block-column is-vertically-aligned-center is-layout-flow wp-block-column-is-layout-flow\" style=\"flex-basis:40%\">\n<h2 class=\"wp-block-heading\">\u0418\u0441\u0442\u043e\u0447\u043d\u0438\u043a\u0438 \u0444\u0438\u043d\u0430\u043d\u0441\u0438\u0440\u043e\u0432\u0430\u043d\u0438\u044f \u0426\u0435\u043d\u0442\u0440\u0430<\/h2>\n\n\n\n<div style=\"height:20px\" aria-hidden=\"true\" class=\"wp-block-spacer\"><\/div>\n\n\n\n<ul class=\"is-style-checkmark-list wp-block-list\">\n<li>\u0432\u0437\u043d\u043e\u0441\u044b \u0447\u043b\u0435\u043d\u043e\u0432 MT\u00dc<\/li>\n\n\n\n<li>\u0440\u043e\u0434\u0438\u0442\u0435\u043b\u044c\u0441\u043a\u0430\u044f \u043e\u043f\u043b\u0430\u0442\u0430 \u043e\u0431\u0440\u0430\u0437\u043e\u0432\u0430\u0442\u0435\u043b\u044c\u043d\u044b\u0445 \u0443\u0441\u043b\u0443\u0433 \u0434\u043b\u044f \u0434\u0435\u0442\u0435\u0439<\/li>\n\n\n\n<li>\u0443\u0447\u0430\u0441\u0442\u0438\u0435 \u0432 \u043f\u0440\u043e\u0435\u043a\u0442\u0430\u0445<\/li>\n\n\n\n<li>\u0441\u043f\u043e\u043d\u0441\u043e\u0440\u0441\u043a\u0430\u044f \u043f\u043e\u043c\u043e\u0449\u044c.<\/li>\n<\/ul>\n<\/div>\n<\/div>\n\n\n\n<div style=\"height:40px\" aria-hidden=\"true\" class=\"wp-block-spacer\"><\/div>\n\n\n\n<div class=\"wp-block-group alignwide is-horizontal is-content-justification-center is-layout-flex wp-container-core-group-is-layout-5afed854 wp-block-group-is-layout-flex\" style=\"padding-right:0;padding-left:0\">\n<div class=\"wp-block-buttons is-horizontal is-content-justification-center is-layout-flex wp-container-core-buttons-is-layout-6bd4d9d1 wp-block-buttons-is-layout-flex\">\n<div class=\"wp-block-button\"><a class=\"wp-block-button__link wp-element-button\" href=\"https:\/\/takpluss.eu\/ru\/kontakty\/#donations\">\u041f\u043e\u0434\u0434\u0435\u0440\u0436\u0438\u0442\u0435 \u043d\u0430\u0448\u0443 \u0434\u0435\u044f\u0442\u0435\u043b\u044c\u043d\u043e\u0441\u0442\u044c<\/a><\/div>\n<\/div>\n\n\n\n<div class=\"wp-block-group is-nowrap is-layout-flex wp-container-core-group-is-layout-672bbef7 wp-block-group-is-layout-flex\" style=\"margin-top:0;margin-bottom:0\">\n<figure class=\"wp-block-image size-full is-resized\"><img loading=\"lazy\" decoding=\"async\" width=\"250\" height=\"250\" src=\"https:\/\/takpluss.eu\/wp-content\/uploads\/2024\/01\/donationbox-qr.png\" alt=\"QR kood kiirmakse jaoks\" class=\"wp-image-173\" style=\"aspect-ratio:1;object-fit:cover;width:100px\"\/><\/figure>\n\n\n\n<p>QR \u043a\u043e\u0434 \u0434\u043b\u044f \u0431\u044b\u0441\u0442\u0440\u044b\u0445 \u043f\u043b\u0430\u0442\u0435\u0436\u0435\u0439<\/p>\n<\/div>\n<\/div>\n<\/div>\n\n\n\n<div class=\"wp-block-group alignfull has-global-padding is-layout-constrained wp-container-core-group-is-layout-d89aad35 wp-block-group-is-layout-constrained\" style=\"margin-top:0;margin-bottom:0;padding-top:var(--wp--preset--spacing--50);padding-right:var(--wp--preset--spacing--50);padding-bottom:var(--wp--preset--spacing--50);padding-left:var(--wp--preset--spacing--50)\">\n<div class=\"wp-block-columns alignwide are-vertically-aligned-center is-layout-flex wp-container-core-columns-is-layout-47c06fe3 wp-block-columns-is-layout-flex\">\n<div class=\"wp-block-column is-vertically-aligned-center is-layout-flow wp-block-column-is-layout-flow\" style=\"flex-basis:50%\">\n<p><strong>MT\u00dc T\u00e4iend\u00f5ppe Avatud Keskus<\/strong><\/p>\n\n\n\n<p>Reg. nr. 80634196<\/p>\n\n\n\n<p>SWIFT: EEUHEE2X<\/p>\n\n\n\n<p>IBAN: EE78 1010 2203 0059 5221<\/p>\n<\/div>\n\n\n\n<div class=\"wp-block-column is-vertically-aligned-center is-layout-flow wp-block-column-is-layout-flow\" style=\"flex-basis:50%\">\n<figure class=\"wp-block-image size-full is-style-rounded is-style-rounded--3\"><img loading=\"lazy\" decoding=\"async\" width=\"1024\" height=\"683\" src=\"https:\/\/takpluss.eu\/wp-content\/uploads\/2024\/01\/tak-14.jpg\" alt=\"\" class=\"wp-image-200\"\/><\/figure>\n<\/div>\n<\/div>\n<\/div>\n","protected":false},"excerpt":{"rendered":"<p>\u041e\u0431\u0440\u0430\u0437\u043e\u0432\u0430\u043d\u0438\u0435 &#8212; \u0437\u0430\u043b\u043e\u0433 \u0443\u0441\u043f\u0435\u0445\u0430! \u041d\u0435\u043a\u043e\u043c\u043c\u0435\u0440\u0447\u0435\u0441\u043a\u0430\u044f \u043e\u0440\u0433\u0430\u043d\u0438\u0437\u0430\u0446\u0438\u044f T\u00e4iend\u00f5ppe Avatud Keskus (\u0422\u0410\u041a) \u0441\u043e\u0437\u0434\u0430\u043d\u0430 \u043f\u043e \u0438\u043d\u0438\u0446\u0438\u0430\u0442\u0438\u0432\u0435 \u0438 \u043f\u0440\u0438 \u043f\u043e\u0434\u0434\u0435\u0440\u0436\u043a\u0435 \u0435\u0434\u0438\u043d\u043e\u043c\u044b\u0448\u043b\u0435\u043d\u043d\u0438\u043a\u043e\u0432 &#8212; \u043f\u0435\u0434\u0430\u0433\u043e\u0433\u043e\u0432 \u0438 \u043f\u0440\u043e\u0441\u0432\u0435\u0442\u0438\u0442\u0435\u043b\u0435\u0439, \u0443\u0431\u0435\u0436\u0434\u0435\u043d\u043d\u044b\u0445 \u0432 \u043d\u0435\u043e\u0431\u0445\u043e\u0434\u0438\u043c\u043e\u0441\u0442\u0438 \u0434\u0430\u0432\u0430\u0442\u044c \u0434\u0435\u0442\u044f\u043c \u0434\u043e\u0441\u0442\u043e\u0439\u043d\u043e\u0435 \u043e\u0431\u0440\u0430\u0437\u043e\u0432\u0430\u043d\u0438\u0435. \u041a\u0430\u043a \u0432 \u0443\u0441\u043b\u043e\u0432\u0438\u044f\u0445 \u043f\u0435\u0440\u0435\u0445\u043e\u0434\u0430 \u043d\u0430 \u044d\u0441\u0442\u043e\u043d\u0441\u043a\u0438\u0439 \u044f\u0437\u044b\u043a \u043e\u0431\u0443\u0447\u0435\u043d\u0438\u044f \u043f\u0440\u0435\u0434\u043e\u0441\u0442\u0430\u0432\u0438\u0442\u044c \u0432\u0441\u0435\u043c \u0434\u0435\u0442\u044f\u043c, \u043d\u0435\u0437\u0430\u0432\u0438\u0441\u0438\u043c\u043e \u043e\u0442 \u0438\u0445 \u0440\u043e\u0434\u043d\u043e\u0433\u043e \u044f\u0437\u044b\u043a\u0430, \u0432\u043e\u0437\u043c\u043e\u0436\u043d\u043e\u0441\u0442\u044c \u043e\u0432\u043b\u0430\u0434\u0435\u0442\u044c \u043a\u0430\u0447\u0435\u0441\u0442\u0432\u0435\u043d\u043d\u044b\u043c \u044d\u0441\u0442\u043e\u043d\u0441\u043a\u0438\u043c \u044f\u0437\u044b\u043a\u043e\u043c? \u041a\u0430\u043a \u0438\u0437\u0431\u0435\u0436\u0430\u0442\u044c \u0444\u043e\u0440\u043c\u0438\u0440\u043e\u0432\u0430\u043d\u0438\u044f \u0443 \u0440\u0435\u0431\u0451\u043d\u043a\u0430 \u0432 [&hellip;]<\/p>\n","protected":false},"author":1,"featured_media":0,"parent":0,"menu_order":0,"comment_status":"closed","ping_status":"closed","template":"","meta":{"footnotes":""},"class_list":["post-498","page","type-page","status-publish","hentry"],"_links":{"self":[{"href":"https:\/\/takpluss.eu\/ru\/wp-json\/wp\/v2\/pages\/498","targetHints":{"allow":["GET"]}}],"collection":[{"href":"https:\/\/takpluss.eu\/ru\/wp-json\/wp\/v2\/pages"}],"about":[{"href":"https:\/\/takpluss.eu\/ru\/wp-json\/wp\/v2\/types\/page"}],"author":[{"embeddable":true,"href":"https:\/\/takpluss.eu\/ru\/wp-json\/wp\/v2\/users\/1"}],"replies":[{"embeddable":true,"href":"https:\/\/takpluss.eu\/ru\/wp-json\/wp\/v2\/comments?post=498"}],"version-history":[{"count":6,"href":"https:\/\/takpluss.eu\/ru\/wp-json\/wp\/v2\/pages\/498\/revisions"}],"predecessor-version":[{"id":559,"href":"https:\/\/takpluss.eu\/ru\/wp-json\/wp\/v2\/pages\/498\/revisions\/559"}],"wp:attachment":[{"href":"https:\/\/takpluss.eu\/ru\/wp-json\/wp\/v2\/media?parent=498"}],"curies":[{"name":"wp","href":"https:\/\/api.w.org\/{rel}","templated":true}]}}