{"id":1088,"date":"2024-07-04T14:03:57","date_gmt":"2024-07-04T12:03:57","guid":{"rendered":"https:\/\/takpluss.eu\/predlozheniya-o-rabote\/"},"modified":"2025-08-27T21:02:51","modified_gmt":"2025-08-27T19:02:51","slug":"predlozheniya-o-rabote","status":"publish","type":"page","link":"https:\/\/takpluss.eu\/ru\/predlozheniya-o-rabote\/","title":{"rendered":"\u041f\u0440\u0435\u0434\u043b\u043e\u0436\u0435\u043d\u0438\u044f \u043e \u0440\u0430\u0431\u043e\u0442\u0435"},"content":{"rendered":"\n<p>MT\u00dc T\u00e4iend\u00f5ppe Avatud Keskus (\u041e\u0442\u043a\u0440\u044b\u0442\u044b\u0439 \u0446\u0435\u043d\u0442\u0440 \u0434\u043e\u043f\u043e\u043b\u043d\u0438\u0442\u0435\u043b\u044c\u043d\u043e\u0433\u043e \u043e\u0431\u0440\u0430\u0437\u043e\u0432\u0430\u043d\u0438\u044f) \u043e\u0431\u044a\u044f\u0432\u043b\u044f\u0435\u0442 \u043a\u043e\u043d\u043a\u0443\u0440\u0441 \u043d\u0430 \u0441\u043b\u0435\u0434\u0443\u044e\u0449\u0443\u044e \u0434\u043e\u043b\u0436\u043d\u043e\u0441\u0442\u044c:<\/p>\n\n\n\n<p><br>\u041a\u043b\u0430\u0441\u0441\u043d\u044b\u0439 \u0443\u0447\u0438\u0442\u0435\u043b\u044c (1-6 \u043a\u043b) &#8212; \u043d\u0435\u043f\u043e\u043b\u043d\u044b\u0439 \u0440\u0430\u0431\u043e\u0447\u0438\u0439 \u0434\u0435\u043d\u044c.<\/p>\n\n\n\n<p>\u042f\u0437\u044b\u043a \u043e\u0431\u0443\u0447\u0435\u043d\u0438\u044f \u2013 \u044d\u0441\u0442\u043e\u043d\u0441\u043a\u0438\u0439 \u043a\u0430\u043a \u0432\u0442\u043e\u0440\u043e\u0439 \u044f\u0437\u044b\u043a.<br>\u0423\u0447\u0435\u0431\u043d\u044b\u0435 \u0437\u0430\u043d\u044f\u0442\u0438\u044f \u0441 10 \u0441\u0435\u043d\u0442\u044f\u0431\u0440\u044f 2025 \u0433\u043e\u0434\u0430.<\/p>\n\n\n\n<p><br>\u0425\u043e\u0434\u0430\u0442\u0430\u0439\u0441\u0442\u0432\u043e \u0438 \u043a\u043e\u043f\u0438\u0438 \u0434\u043e\u043a\u0443\u043c\u0435\u043d\u0442\u043e\u0432 \u043d\u0435\u043e\u0431\u0445\u043e\u0434\u0438\u043c\u043e \u043f\u0440\u0435\u0434\u043e\u0441\u0442\u0430\u0432\u0438\u0442\u044c \u043d\u0430 \u044d\u043b\u0435\u043a\u0442\u0440\u043e\u043d\u043d\u0443\u044e \u043f\u043e\u0447\u0442\u0443 direktor@takpluss.eu.<\/p>\n\n\n\n<p><br><a href=\"https:\/\/takpluss.eu\/wp-content\/uploads\/2024\/07\/taotlus-konkursil-osalemise-kohta.docx\" data-type=\"link\" data-id=\"https:\/\/takpluss.eu\/wp-content\/uploads\/2024\/07\/taotlus-konkursil-osalemise-kohta.docx\">\u0425\u043e\u0434\u0430\u0442\u0430\u0439\u0441\u0442\u0432\u043e \u043d\u0430 \u0443\u0447\u0430\u0441\u0442\u0438\u0435 \u0432 \u043a\u043e\u043d\u043a\u0443\u0440\u0441\u0435<\/a><\/p>\n\n\n\n<div style=\"height:100px\" aria-hidden=\"true\" class=\"wp-block-spacer\"><\/div>\n","protected":false},"excerpt":{"rendered":"<p>MT\u00dc T\u00e4iend\u00f5ppe Avatud Keskus (\u041e\u0442\u043a\u0440\u044b\u0442\u044b\u0439 \u0446\u0435\u043d\u0442\u0440 \u0434\u043e\u043f\u043e\u043b\u043d\u0438\u0442\u0435\u043b\u044c\u043d\u043e\u0433\u043e \u043e\u0431\u0440\u0430\u0437\u043e\u0432\u0430\u043d\u0438\u044f) \u043e\u0431\u044a\u044f\u0432\u043b\u044f\u0435\u0442 \u043a\u043e\u043d\u043a\u0443\u0440\u0441 \u043d\u0430 \u0441\u043b\u0435\u0434\u0443\u044e\u0449\u0443\u044e \u0434\u043e\u043b\u0436\u043d\u043e\u0441\u0442\u044c: \u041a\u043b\u0430\u0441\u0441\u043d\u044b\u0439 \u0443\u0447\u0438\u0442\u0435\u043b\u044c (1-6 \u043a\u043b) &#8212; \u043d\u0435\u043f\u043e\u043b\u043d\u044b\u0439 \u0440\u0430\u0431\u043e\u0447\u0438\u0439 \u0434\u0435\u043d\u044c. \u042f\u0437\u044b\u043a \u043e\u0431\u0443\u0447\u0435\u043d\u0438\u044f \u2013 \u044d\u0441\u0442\u043e\u043d\u0441\u043a\u0438\u0439 \u043a\u0430\u043a \u0432\u0442\u043e\u0440\u043e\u0439 \u044f\u0437\u044b\u043a.\u0423\u0447\u0435\u0431\u043d\u044b\u0435 \u0437\u0430\u043d\u044f\u0442\u0438\u044f \u0441 10 \u0441\u0435\u043d\u0442\u044f\u0431\u0440\u044f 2025 \u0433\u043e\u0434\u0430. \u0425\u043e\u0434\u0430\u0442\u0430\u0439\u0441\u0442\u0432\u043e \u0438 \u043a\u043e\u043f\u0438\u0438 \u0434\u043e\u043a\u0443\u043c\u0435\u043d\u0442\u043e\u0432 \u043d\u0435\u043e\u0431\u0445\u043e\u0434\u0438\u043c\u043e \u043f\u0440\u0435\u0434\u043e\u0441\u0442\u0430\u0432\u0438\u0442\u044c \u043d\u0430 \u044d\u043b\u0435\u043a\u0442\u0440\u043e\u043d\u043d\u0443\u044e \u043f\u043e\u0447\u0442\u0443 direktor@takpluss.eu. \u0425\u043e\u0434\u0430\u0442\u0430\u0439\u0441\u0442\u0432\u043e \u043d\u0430 \u0443\u0447\u0430\u0441\u0442\u0438\u0435 \u0432 \u043a\u043e\u043d\u043a\u0443\u0440\u0441\u0435<\/p>\n","protected":false},"author":1,"featured_media":0,"parent":0,"menu_order":5,"comment_status":"closed","ping_status":"closed","template":"","meta":{"footnotes":""},"class_list":["post-1088","page","type-page","status-publish","hentry"],"_links":{"self":[{"href":"https:\/\/takpluss.eu\/ru\/wp-json\/wp\/v2\/pages\/1088","targetHints":{"allow":["GET"]}}],"collection":[{"href":"https:\/\/takpluss.eu\/ru\/wp-json\/wp\/v2\/pages"}],"about":[{"href":"https:\/\/takpluss.eu\/ru\/wp-json\/wp\/v2\/types\/page"}],"author":[{"embeddable":true,"href":"https:\/\/takpluss.eu\/ru\/wp-json\/wp\/v2\/users\/1"}],"replies":[{"embeddable":true,"href":"https:\/\/takpluss.eu\/ru\/wp-json\/wp\/v2\/comments?post=1088"}],"version-history":[{"count":4,"href":"https:\/\/takpluss.eu\/ru\/wp-json\/wp\/v2\/pages\/1088\/revisions"}],"predecessor-version":[{"id":1518,"href":"https:\/\/takpluss.eu\/ru\/wp-json\/wp\/v2\/pages\/1088\/revisions\/1518"}],"wp:attachment":[{"href":"https:\/\/takpluss.eu\/ru\/wp-json\/wp\/v2\/media?parent=1088"}],"curies":[{"name":"wp","href":"https:\/\/api.w.org\/{rel}","templated":true}]}}