{"id":693,"date":"2024-04-17T22:01:19","date_gmt":"2024-04-17T20:01:19","guid":{"rendered":"https:\/\/takpluss.eu\/?page_id=693"},"modified":"2026-01-16T21:36:24","modified_gmt":"2026-01-16T19:36:24","slug":"pakkumiste-kalender","status":"publish","type":"page","link":"https:\/\/takpluss.eu\/en\/pakkumiste-kalender\/","title":{"rendered":"Registreerumine"},"content":{"rendered":"\n<p class=\"has-text-align-center\"><strong>Head lapsevanemad!<\/strong><\/p>\n\n\n\n<div style=\"height:20px\" aria-hidden=\"true\" class=\"wp-block-spacer\"><\/div>\n\n\n\n<p>Kui soovite, et teie laps kohaneks kergemini \u00fcleminekuga eestikeelsele \u00f5ppele, tunneks end kindlalt uues \u00f5pikeskkonnas, et tema k\u00f5ne areneks ja s\u00f5navara laieneks, et ta \u00f5piks huviga ja ilma hirmuta, siis ootame teda meie tundidesse T\u00e4iend\u00f5ppe Keskuses.<\/p>\n\n\n\n<div style=\"height:20px\" aria-hidden=\"true\" class=\"wp-block-spacer\"><\/div>\n\n\n\n<p>Soovime, et iga laps tunneks, et ta pole sellel teel \u00fcksi, et l\u00e4heduses on alati tugi ja t\u00e4helepanu.<\/p>\n\n\n\n<div style=\"height:20px\" aria-hidden=\"true\" class=\"wp-block-spacer\"><\/div>\n\n\n\n<p>Tunnid toimuvad p\u00e4rast koolitunde\u00a0<strong>ja algavad 15. septembril.<\/strong><\/p>\n\n\n\n<div style=\"height:20px\" aria-hidden=\"true\" class=\"wp-block-spacer\"><\/div>\n\n\n\n<p>Lisainfo ja registreerimine on siin.<\/p>\n\n\n\n<div style=\"height:100px\" aria-hidden=\"true\" class=\"wp-block-spacer\"><\/div>\n\n\n\n<div class=\"wp-block-group alignwide is-layout-flow wp-block-group-is-layout-flow\"><div class=\"events-calendar\"><ul class=\"events-calendar__events-list\"><li class=\"events-calendar__item archive-item event green-color-theme\"><h3 class=\"event__title\">1. klassi \u00f5pilastele<\/h3><div class=\"event__content-area\"><a href=\"https:\/\/takpluss.eu\/en\/events\/1-klassi-opilastele\/\" target=\"_blank\" class=\"event__register-btn\">More info<\/a><\/div><\/li><li class=\"events-calendar__item archive-item event green-color-theme\"><h3 class=\"event__title\">4. klassi \u00f5pilastele<\/h3><div class=\"event__content-area\"><a href=\"https:\/\/takpluss.eu\/en\/events\/4-klassi-opilastele\/\" target=\"_blank\" class=\"event__register-btn\">More info<\/a><\/div><\/li><li class=\"events-calendar__item archive-item event green-color-theme\"><h3 class=\"event__title\">2. klassi \u00f5pilastele<\/h3><div class=\"event__content-area\"><a href=\"https:\/\/takpluss.eu\/en\/events\/2-klassi-opilastele\/\" target=\"_blank\" class=\"event__register-btn\">More info<\/a><\/div><\/li><li class=\"events-calendar__item archive-item event green-color-theme\"><h3 class=\"event__title\">5. klassi \u00f5pilastele<\/h3><div class=\"event__content-area\"><a href=\"https:\/\/takpluss.eu\/en\/events\/5-klassi-opilastele\/\" target=\"_blank\" class=\"event__register-btn\">More info<\/a><\/div><\/li><\/ul><\/div>\n<\/div>\n\n\n\n<div style=\"height:100px\" aria-hidden=\"true\" class=\"wp-block-spacer\"><\/div>\n","protected":false},"excerpt":{"rendered":"<p>Head lapsevanemad! Kui soovite, et teie laps kohaneks kergemini \u00fcleminekuga eestikeelsele \u00f5ppele, tunneks end kindlalt uues \u00f5pikeskkonnas, et tema k\u00f5ne areneks ja s\u00f5navara laieneks, et ta \u00f5piks huviga ja ilma hirmuta, siis ootame teda meie tundidesse T\u00e4iend\u00f5ppe Keskuses. Soovime, et iga laps tunneks, et ta pole sellel teel \u00fcksi, et l\u00e4heduses on alati tugi ja [&hellip;]<\/p>\n","protected":false},"author":1,"featured_media":0,"parent":0,"menu_order":3,"comment_status":"closed","ping_status":"closed","template":"","meta":{"footnotes":""},"class_list":["post-693","page","type-page","status-publish","hentry"],"_links":{"self":[{"href":"https:\/\/takpluss.eu\/en\/wp-json\/wp\/v2\/pages\/693","targetHints":{"allow":["GET"]}}],"collection":[{"href":"https:\/\/takpluss.eu\/en\/wp-json\/wp\/v2\/pages"}],"about":[{"href":"https:\/\/takpluss.eu\/en\/wp-json\/wp\/v2\/types\/page"}],"author":[{"embeddable":true,"href":"https:\/\/takpluss.eu\/en\/wp-json\/wp\/v2\/users\/1"}],"replies":[{"embeddable":true,"href":"https:\/\/takpluss.eu\/en\/wp-json\/wp\/v2\/comments?post=693"}],"version-history":[{"count":68,"href":"https:\/\/takpluss.eu\/en\/wp-json\/wp\/v2\/pages\/693\/revisions"}],"predecessor-version":[{"id":1588,"href":"https:\/\/takpluss.eu\/en\/wp-json\/wp\/v2\/pages\/693\/revisions\/1588"}],"wp:attachment":[{"href":"https:\/\/takpluss.eu\/en\/wp-json\/wp\/v2\/media?parent=693"}],"curies":[{"name":"wp","href":"https:\/\/api.w.org\/{rel}","templated":true}]}}