{"id":568,"date":"2024-01-09T20:43:38","date_gmt":"2024-01-09T18:43:38","guid":{"rendered":"https:\/\/takpluss.eu\/pakkumised\/"},"modified":"2024-03-07T14:19:01","modified_gmt":"2024-03-07T12:19:01","slug":"we-offer-you","status":"publish","type":"page","link":"https:\/\/takpluss.eu\/en\/we-offer-you\/","title":{"rendered":"We offer You"},"content":{"rendered":"\n<div class=\"wp-block-group alignfull has-global-padding is-layout-constrained wp-container-core-group-is-layout-bd7b0ce1 wp-block-group-is-layout-constrained\" style=\"padding-top:0;padding-right:var(--wp--preset--spacing--50);padding-bottom:0;padding-left:var(--wp--preset--spacing--50)\">\n<p>MT\u00dc T\u00e4iend\u00f5ppe Avatud Keskus offers diverse educational activities for students, teachers, and parents in the fields of pedagogy, psychology, multiculturalism, and language immersion. Educational services at the Center are primarily fee-based. Participation in the training is based on an invoice to the Center&#8217;s bank account. Registration is required to participate in educational events<\/p>\n\n\n\n<div style=\"height:var(--wp--preset--spacing--30)\" aria-hidden=\"true\" class=\"wp-block-spacer\"><\/div>\n\n\n\n<figure class=\"wp-block-image alignwide size-full is-style-rounded is-style-rounded--1\"><img loading=\"lazy\" decoding=\"async\" width=\"1024\" height=\"684\" src=\"https:\/\/takpluss.eu\/wp-content\/uploads\/2024\/01\/tak-15.jpg\" alt=\"\" class=\"wp-image-216\"\/><\/figure>\n<\/div>\n\n\n\n<div class=\"wp-block-group alignfull has-base-2-background-color has-background is-layout-flow wp-block-group-is-layout-flow\" style=\"margin-top:0;margin-bottom:0;padding-top:var(--wp--preset--spacing--50);padding-right:0;padding-bottom:var(--wp--preset--spacing--50);padding-left:0\">\n<h2 class=\"wp-block-heading has-text-align-center\">We offer<\/h2>\n\n\n\n<div style=\"margin-top:0;margin-bottom:0;height:var(--wp--preset--spacing--40)\" aria-hidden=\"true\" class=\"wp-block-spacer\"><\/div>\n\n\n\n<div class=\"wp-block-columns alignwide is-layout-flex wp-container-core-columns-is-layout-87beb0d0 wp-block-columns-is-layout-flex\">\n<div class=\"wp-block-column has-custom-accent-eight-background-color has-background is-layout-flow wp-container-core-column-is-layout-3790c872 wp-block-column-is-layout-flow\" style=\"padding-top:var(--wp--preset--spacing--30);padding-right:var(--wp--preset--spacing--30);padding-bottom:var(--wp--preset--spacing--30);padding-left:var(--wp--preset--spacing--30)\">\n<h3 class=\"wp-block-heading\">For students<\/h3>\n\n\n\n<ul class=\"is-style-checkmark-list wp-block-list\">\n<li>Consultations for students to identify individual learning difficulties in mastering the school curriculum<\/li>\n\n\n\n<li>Educational sessions\n<ul class=\"wp-block-list\">\n<li>Individual sessions<\/li>\n\n\n\n<li>Small group sessions<\/li>\n<\/ul>\n<\/li>\n\n\n\n<li>Events.<\/li>\n<\/ul>\n<\/div>\n\n\n\n<div class=\"wp-block-column has-custom-accent-eleven-background-color has-background is-layout-flow wp-container-core-column-is-layout-33fa59a0 wp-block-column-is-layout-flow\" style=\"padding-top:var(--wp--preset--spacing--30);padding-right:var(--wp--preset--spacing--30);padding-bottom:var(--wp--preset--spacing--30);padding-left:var(--wp--preset--spacing--30)\">\n<h3 class=\"wp-block-heading\">For teachers<\/h3>\n\n\n\n<ul class=\"is-style-checkmark-list wp-block-list\">\n<li>Professional qualification enhancement in subject teaching methods<\/li>\n\n\n\n<li>Seminars<\/li>\n\n\n\n<li>Trainings<\/li>\n\n\n\n<li>Experience exchange.<\/li>\n<\/ul>\n\n\n\n<p>Students receive a certificate upon successful completion of our program<\/p>\n<\/div>\n\n\n\n<div class=\"wp-block-column has-custom-accent-twelve-background-color has-background is-layout-flow wp-container-core-column-is-layout-33fa59a0 wp-block-column-is-layout-flow\" style=\"border-style:none;border-width:0px;padding-top:var(--wp--preset--spacing--30);padding-right:var(--wp--preset--spacing--30);padding-bottom:var(--wp--preset--spacing--30);padding-left:var(--wp--preset--spacing--30)\">\n<h3 class=\"wp-block-heading\">For parents<\/h3>\n\n\n\n<ul class=\"is-style-checkmark-list wp-block-list\">\n<li>Lectures<\/li>\n\n\n\n<li>Seminars<\/li>\n\n\n\n<li>Psychology consultations<\/li>\n\n\n\n<li>Estonian language club<\/li>\n\n\n\n<li>Meetings with interesting individuals.<\/li>\n<\/ul>\n<\/div>\n<\/div>\n<\/div>\n","protected":false},"excerpt":{"rendered":"<p>MT\u00dc T\u00e4iend\u00f5ppe Avatud Keskus offers diverse educational activities for students, teachers, and parents in the fields of pedagogy, psychology, multiculturalism, and language immersion. Educational services at the Center are primarily fee-based. Participation in the training is based on an invoice to the Center&#8217;s bank account. Registration is required to participate in educational events We offer [&hellip;]<\/p>\n","protected":false},"author":1,"featured_media":0,"parent":0,"menu_order":2,"comment_status":"closed","ping_status":"closed","template":"","meta":{"footnotes":""},"class_list":["post-568","page","type-page","status-publish","hentry"],"_links":{"self":[{"href":"https:\/\/takpluss.eu\/en\/wp-json\/wp\/v2\/pages\/568","targetHints":{"allow":["GET"]}}],"collection":[{"href":"https:\/\/takpluss.eu\/en\/wp-json\/wp\/v2\/pages"}],"about":[{"href":"https:\/\/takpluss.eu\/en\/wp-json\/wp\/v2\/types\/page"}],"author":[{"embeddable":true,"href":"https:\/\/takpluss.eu\/en\/wp-json\/wp\/v2\/users\/1"}],"replies":[{"embeddable":true,"href":"https:\/\/takpluss.eu\/en\/wp-json\/wp\/v2\/comments?post=568"}],"version-history":[{"count":3,"href":"https:\/\/takpluss.eu\/en\/wp-json\/wp\/v2\/pages\/568\/revisions"}],"predecessor-version":[{"id":597,"href":"https:\/\/takpluss.eu\/en\/wp-json\/wp\/v2\/pages\/568\/revisions\/597"}],"wp:attachment":[{"href":"https:\/\/takpluss.eu\/en\/wp-json\/wp\/v2\/media?parent=568"}],"curies":[{"name":"wp","href":"https:\/\/api.w.org\/{rel}","templated":true}]}}