{"id":566,"date":"2024-01-09T21:09:44","date_gmt":"2024-01-09T19:09:44","guid":{"rendered":"https:\/\/takpluss.eu\/kontaktid\/"},"modified":"2025-03-09T23:17:51","modified_gmt":"2025-03-09T21:17:51","slug":"contact","status":"publish","type":"page","link":"https:\/\/takpluss.eu\/en\/contact\/","title":{"rendered":"Contact"},"content":{"rendered":"\n<div class=\"wp-block-group alignfull has-global-padding is-layout-constrained wp-container-core-group-is-layout-d89aad35 wp-block-group-is-layout-constrained\" style=\"margin-top:0;margin-bottom:0;padding-top:var(--wp--preset--spacing--50);padding-right:var(--wp--preset--spacing--50);padding-bottom:var(--wp--preset--spacing--50);padding-left:var(--wp--preset--spacing--50)\">\n<div class=\"wp-block-columns alignwide are-vertically-aligned-top is-layout-flex wp-container-core-columns-is-layout-47c06fe3 wp-block-columns-is-layout-flex\">\n<div class=\"wp-block-column is-vertically-aligned-top is-layout-flow wp-block-column-is-layout-flow\" style=\"flex-basis:50%\">\n<p><strong>MT\u00dc T\u00e4iend\u00f5ppe Avatud Keskus<\/strong><\/p>\n\n\n\n<p>Reg. nr. 80634196<\/p>\n\n\n\n<div style=\"height:20px\" aria-hidden=\"true\" class=\"wp-block-spacer\"><\/div>\n\n\n\n<p>Tatjana Babanskaja<\/p>\n\n\n\n<p>Head of the Training Center<\/p>\n\n\n\n<p>info@takpluss.eu<\/p>\n\n\n\n<p>direktor@takpluss.eu<\/p>\n\n\n\n<div style=\"height:20px\" aria-hidden=\"true\" class=\"wp-block-spacer\"><\/div>\n\n\n\n<p><\/p>\n\n\n\n<div style=\"height:20px\" aria-hidden=\"true\" class=\"wp-block-spacer\"><\/div>\n<\/div>\n\n\n\n<div class=\"wp-block-column is-vertically-aligned-top is-layout-flow wp-block-column-is-layout-flow\" style=\"flex-basis:50%\">\n<figure class=\"wp-block-image size-full is-style-rounded is-style-rounded--1\"><img loading=\"lazy\" decoding=\"async\" width=\"1024\" height=\"683\" src=\"https:\/\/takpluss.eu\/wp-content\/uploads\/2024\/01\/tak-14.jpg\" alt=\"\" class=\"wp-image-200\"\/><\/figure>\n<\/div>\n<\/div>\n<\/div>\n\n\n\n<div class=\"wp-block-group alignfull has-global-padding is-layout-constrained wp-container-core-group-is-layout-d89aad35 wp-block-group-is-layout-constrained\" id=\"donations\" style=\"margin-top:0;margin-bottom:0;padding-top:var(--wp--preset--spacing--50);padding-right:var(--wp--preset--spacing--50);padding-bottom:var(--wp--preset--spacing--50);padding-left:var(--wp--preset--spacing--50)\">\n<div class=\"wp-block-columns alignwide are-vertically-aligned-top is-layout-flex wp-container-core-columns-is-layout-47c06fe3 wp-block-columns-is-layout-flex\">\n<div class=\"wp-block-column is-vertically-aligned-top is-layout-flow wp-block-column-is-layout-flow\" style=\"flex-basis:50%\">\n<figure class=\"wp-block-image size-full is-style-rounded is-style-rounded--2\"><img loading=\"lazy\" decoding=\"async\" width=\"1024\" height=\"683\" src=\"https:\/\/takpluss.eu\/wp-content\/uploads\/2024\/01\/tak-01.jpg\" alt=\"\" class=\"wp-image-147\" style=\"aspect-ratio:4\/3;object-fit:cover\"\/><\/figure>\n<\/div>\n\n\n\n<div class=\"wp-block-column is-vertically-aligned-top is-layout-flow wp-block-column-is-layout-flow\" style=\"flex-basis:50%\">\n<h2 class=\"wp-block-heading\">Support our activities<\/h2>\n\n\n\n<div style=\"height:20px\" aria-hidden=\"true\" class=\"wp-block-spacer\"><\/div>\n\n\n\n<p><strong>MT\u00dc T\u00e4iend\u00f5ppe Avatud Keskus<\/strong><\/p>\n\n\n\n<p>AS SEB PANK<\/p>\n\n\n\n<p>SWIFT: EEUHEE2X, Tallinn, Estonia<\/p>\n\n\n\n<p>IBAN: EE78 1010 2203 0059 5221<\/p>\n\n\n\n<div style=\"height:20px\" aria-hidden=\"true\" class=\"wp-block-spacer\"><\/div>\n\n\n\n<div class=\"wp-block-group is-nowrap is-layout-flex wp-container-core-group-is-layout-17c695da wp-block-group-is-layout-flex\">\n<figure class=\"wp-block-image alignleft size-full is-resized\"><img loading=\"lazy\" decoding=\"async\" width=\"250\" height=\"250\" src=\"https:\/\/takpluss.eu\/wp-content\/uploads\/2024\/01\/donationbox-qr.png\" alt=\"QR kood kiirmakse jaoks\" class=\"wp-image-173\" style=\"width:100px\"\/><\/figure>\n\n\n\n<p>QR code for quick payments<\/p>\n<\/div>\n<\/div>\n<\/div>\n<\/div>\n","protected":false},"excerpt":{"rendered":"<p>MT\u00dc T\u00e4iend\u00f5ppe Avatud Keskus Reg. nr. 80634196 Tatjana Babanskaja Head of the Training Center info@takpluss.eu direktor@takpluss.eu Support our activities MT\u00dc T\u00e4iend\u00f5ppe Avatud Keskus AS SEB PANK SWIFT: EEUHEE2X, Tallinn, Estonia IBAN: EE78 1010 2203 0059 5221 QR code for quick payments<\/p>\n","protected":false},"author":1,"featured_media":0,"parent":0,"menu_order":6,"comment_status":"closed","ping_status":"closed","template":"","meta":{"footnotes":""},"class_list":["post-566","page","type-page","status-publish","hentry"],"_links":{"self":[{"href":"https:\/\/takpluss.eu\/en\/wp-json\/wp\/v2\/pages\/566","targetHints":{"allow":["GET"]}}],"collection":[{"href":"https:\/\/takpluss.eu\/en\/wp-json\/wp\/v2\/pages"}],"about":[{"href":"https:\/\/takpluss.eu\/en\/wp-json\/wp\/v2\/types\/page"}],"author":[{"embeddable":true,"href":"https:\/\/takpluss.eu\/en\/wp-json\/wp\/v2\/users\/1"}],"replies":[{"embeddable":true,"href":"https:\/\/takpluss.eu\/en\/wp-json\/wp\/v2\/comments?post=566"}],"version-history":[{"count":5,"href":"https:\/\/takpluss.eu\/en\/wp-json\/wp\/v2\/pages\/566\/revisions"}],"predecessor-version":[{"id":1516,"href":"https:\/\/takpluss.eu\/en\/wp-json\/wp\/v2\/pages\/566\/revisions\/1516"}],"wp:attachment":[{"href":"https:\/\/takpluss.eu\/en\/wp-json\/wp\/v2\/media?parent=566"}],"curies":[{"name":"wp","href":"https:\/\/api.w.org\/{rel}","templated":true}]}}