{"id":1080,"date":"2024-07-04T14:03:57","date_gmt":"2024-07-04T12:03:57","guid":{"rendered":"https:\/\/takpluss.eu\/?page_id=1080"},"modified":"2025-08-27T21:02:50","modified_gmt":"2025-08-27T19:02:50","slug":"toopakkumised","status":"publish","type":"page","link":"https:\/\/takpluss.eu\/en\/toopakkumised\/","title":{"rendered":"T\u00f6\u00f6pakkumised"},"content":{"rendered":"\n<p>MT\u00dc T\u00e4iend\u00f5ppe Avatud Keskus kuulutab v\u00e4lja konkursi j\u00e4rgmisele ametikohale:<\/p>\n\n\n\n<p><br>Klassi\u00f5petaja \u2013 osaline koormus.<\/p>\n\n\n\n<p>\u00d5ppekeel on eesti keel teise keelena.<br>\u00d5ppet\u00f6\u00f6 toimub alates 10. septembrist 2025.<\/p>\n\n\n\n<p><br>Taotlus ja dokumentide koopiad esitada e-postile direktor@takpluss.eu<\/p>\n\n\n\n<p><br><a href=\"https:\/\/takpluss.eu\/wp-content\/uploads\/2024\/07\/taotlus-konkursil-osalemise-kohta.docx\" data-type=\"link\" data-id=\"https:\/\/takpluss.eu\/wp-content\/uploads\/2024\/07\/taotlus-konkursil-osalemise-kohta.docx\">Taotlus konkursil osalemise kohta<\/a><\/p>\n\n\n\n<div style=\"height:100px\" aria-hidden=\"true\" class=\"wp-block-spacer\"><\/div>\n","protected":false},"excerpt":{"rendered":"<p>MT\u00dc T\u00e4iend\u00f5ppe Avatud Keskus kuulutab v\u00e4lja konkursi j\u00e4rgmisele ametikohale: Klassi\u00f5petaja \u2013 osaline koormus. \u00d5ppekeel on eesti keel teise keelena.\u00d5ppet\u00f6\u00f6 toimub alates 10. septembrist 2025. Taotlus ja dokumentide koopiad esitada e-postile direktor@takpluss.eu Taotlus konkursil osalemise kohta<\/p>\n","protected":false},"author":1,"featured_media":0,"parent":0,"menu_order":5,"comment_status":"closed","ping_status":"closed","template":"","meta":{"footnotes":""},"class_list":["post-1080","page","type-page","status-publish","hentry"],"_links":{"self":[{"href":"https:\/\/takpluss.eu\/en\/wp-json\/wp\/v2\/pages\/1080","targetHints":{"allow":["GET"]}}],"collection":[{"href":"https:\/\/takpluss.eu\/en\/wp-json\/wp\/v2\/pages"}],"about":[{"href":"https:\/\/takpluss.eu\/en\/wp-json\/wp\/v2\/types\/page"}],"author":[{"embeddable":true,"href":"https:\/\/takpluss.eu\/en\/wp-json\/wp\/v2\/users\/1"}],"replies":[{"embeddable":true,"href":"https:\/\/takpluss.eu\/en\/wp-json\/wp\/v2\/comments?post=1080"}],"version-history":[{"count":4,"href":"https:\/\/takpluss.eu\/en\/wp-json\/wp\/v2\/pages\/1080\/revisions"}],"predecessor-version":[{"id":1517,"href":"https:\/\/takpluss.eu\/en\/wp-json\/wp\/v2\/pages\/1080\/revisions\/1517"}],"wp:attachment":[{"href":"https:\/\/takpluss.eu\/en\/wp-json\/wp\/v2\/media?parent=1080"}],"curies":[{"name":"wp","href":"https:\/\/api.w.org\/{rel}","templated":true}]}}